{"id":708,"date":"2023-08-29T13:47:39","date_gmt":"2023-08-29T10:47:39","guid":{"rendered":"https:\/\/astoriahorsecenter.ro\/booking\/"},"modified":"2023-09-28T12:31:56","modified_gmt":"2023-09-28T09:31:56","slug":"booking","status":"publish","type":"page","link":"https:\/\/astoriahorsecenter.ro\/ro\/booking\/","title":{"rendered":"Rezervare"},"content":{"rendered":"<div class=\"mphb_sc_search-wrapper \"><form method=\"GET\" class=\"mphb_sc_search-form bg-green-radial-dark\" action=\"https:\/\/astoriahorsecenter.ro\/ro\/rezultate-cautare\/\">\r\n\r\n\t<p class = \"mphb-required-fields-tip\">\n\t<small>\n\t\tRequired fields are followed by\t\t<abbr title=\"required\">*<\/abbr>\n\t<\/small>\n<\/p>\r\n\t<p class=\"mphb_sc_search-check-in-date\">\r\n\t\t<label for=\"mphb_check_in_date-mphb-search-form-6a06ddd6d0264\">\r\n\t\t\tSosire\t\t\t<abbr title=\"Formatted as dd\/mm\/yyyy\">*<\/abbr>\r\n\t\t<\/label>\r\n\t\t<br \/>\r\n\t\t<input\r\n\t\t\tid=\"mphb_check_in_date-mphb-search-form-6a06ddd6d0264\"\r\n\t\t\tdata-datepick-group=\"mphb-search-form-6a06ddd6d0264\"\r\n\t\t\tvalue=\"\"\r\n\t\t\tplaceholder=\"Sosire\"\r\n\t\t\trequired=\"required\"\r\n\t\t\ttype=\"text\"\r\n\t\t\tname=\"mphb_check_in_date\"\r\n\t\t\tclass=\"mphb-datepick\"\r\n\t\t\tautocomplete=\"off\"\r\n\t\t\t\/>\r\n\t<\/p>\r\n\r\n\t<p class=\"mphb_sc_search-check-out-date\">\r\n\t\t<label for=\"mphb_check_out_date-mphb-search-form-6a06ddd6d0264\">\r\n\t\t\tPlecare\t\t\t<abbr title=\"Formatted as dd\/mm\/yyyy\">*<\/abbr>\r\n\t\t<\/label>\r\n\t\t<br \/>\r\n\t\t<input\r\n\t\t\tid=\"mphb_check_out_date-mphb-search-form-6a06ddd6d0264\"\r\n\t\t\tdata-datepick-group=\"mphb-search-form-6a06ddd6d0264\"\r\n\t\t\tvalue=\"\"\r\n\t\t\tplaceholder=\"Plecare\"\r\n\t\t\trequired=\"required\"\r\n\t\t\ttype=\"text\"\r\n\t\t\tname=\"mphb_check_out_date\"\r\n\t\t\tclass=\"mphb-datepick\"\r\n\t\t\tautocomplete=\"off\"\r\n\t\t\t\/>\r\n\t<\/p>\r\n\r\n\t\t\t<input type=\"hidden\" id=\"mphb_adults-mphb-search-form-6a06ddd6d0264\" name=\"mphb_adults\" value=\"1\" \/>\r\n\t\r\n\t\t\t<input type=\"hidden\" id=\"mphb_children-mphb-search-form-6a06ddd6d0264\" name=\"mphb_children\" value=\"0\" \/>\r\n\t\r\n\t\r\n\t\r\n\t<input id=\"mphb_check_in_date-mphb-search-form-6a06ddd6d0264-hidden\" value=\"\" type=\"hidden\" name=\"mphb_check_in_date\" \/><input id=\"mphb_check_out_date-mphb-search-form-6a06ddd6d0264-hidden\" value=\"\" type=\"hidden\" name=\"mphb_check_out_date\" \/>\r\n\t<p class=\"mphb_sc_search-submit-button-wrapper\">\r\n\t\t<input type=\"submit\" class=\"button dt-btn dt-btn-m\" value=\"Caut\u0103\"\/>\r\n\t<\/p>\r\n\r\n\t\r\n<\/form><\/div>\n<div class=\"mphb_sc_rooms-wrapper mphb-room-types \">\n<div class=\"mphb-room-type post-711 mphb_room_type type-mphb_room_type status-publish has-post-thumbnail mphb_room_type_category-apartman-ro mphb_room_type_category-20 description-off mphb-room-type-adults-4 mphb-room-type-children-0\">\n\n\t\n\t\r\n\r\n\t\t<div class=\"img-masked\">\r\n\t\t<figure>\r\n\t\t\t<a href=\"https:\/\/astoriahorsecenter.ro\/ro\/booking\/apartament-1\/\" style=\"background-image: url('https:\/\/astoriahorsecenter.ro\/wp-content\/uploads\/2023\/09\/apartman1_01.jpg')\">\r\n\t\t\t<\/a>\r\n\t\t<\/figure>\r\n\t<\/div>\r\n\t\r\n\n<h2 class=\"mphb-room-type-title entry-title\">\n\n<a class=\"mphb-room-type-title\" href=\"https:\/\/astoriahorsecenter.ro\/ro\/booking\/apartament-1\/\">Apartament 1<\/a>\n\n<\/h2>\n\n<p>Apartamentul nostru este alegerea perfect\u0103 pentru cei care caut\u0103 confort \u0219i relaxare \u00eentr-un mediu elegant.<\/p>\n\n\r\n\r\n\r\n\r\n\n<p class=\"mphb-view-details-button-wrapper\">\n<a class=\"button mphb-view-details-button\" href=\"https:\/\/astoriahorsecenter.ro\/ro\/booking\/apartament-1\/\" >Vezi Detalii<\/a>\n<\/p>\r\n\r\n\r\n\n\t\n<\/div>\n\n\n<div class=\"mphb-room-type post-716 mphb_room_type type-mphb_room_type status-publish has-post-thumbnail mphb_room_type_category-apartman-ro mphb_room_type_category-20 description-off mphb-room-type-adults-4 mphb-room-type-children-0\">\n\n\t\n\t\r\n\r\n\t\t<div class=\"img-masked\">\r\n\t\t<figure>\r\n\t\t\t<a href=\"https:\/\/astoriahorsecenter.ro\/ro\/booking\/apartament-2\/\" style=\"background-image: url('https:\/\/astoriahorsecenter.ro\/wp-content\/uploads\/2023\/09\/apartman2_03.jpg')\">\r\n\t\t\t<\/a>\r\n\t\t<\/figure>\r\n\t<\/div>\r\n\t\r\n\n<h2 class=\"mphb-room-type-title entry-title\">\n\n<a class=\"mphb-room-type-title\" href=\"https:\/\/astoriahorsecenter.ro\/ro\/booking\/apartament-2\/\">Apartament 2<\/a>\n\n<\/h2>\n\n<p>Apartamentul nostru este alegerea perfect\u0103 pentru cei care caut\u0103 confort \u0219i relaxare \u00eentr-un mediu elegant.<\/p>\n\n\r\n\r\n\r\n\r\n\n<p class=\"mphb-view-details-button-wrapper\">\n<a class=\"button mphb-view-details-button\" href=\"https:\/\/astoriahorsecenter.ro\/ro\/booking\/apartament-2\/\" >Vezi Detalii<\/a>\n<\/p>\r\n\r\n\r\n\n\t\n<\/div>\n\n\n<div class=\"mphb-room-type post-718 mphb_room_type type-mphb_room_type status-publish has-post-thumbnail mphb_room_type_category-apartman-ro mphb_room_type_category-20 description-off mphb-room-type-adults-4 mphb-room-type-children-0\">\n\n\t\n\t\r\n\r\n\t\t<div class=\"img-masked\">\r\n\t\t<figure>\r\n\t\t\t<a href=\"https:\/\/astoriahorsecenter.ro\/ro\/booking\/apartment-3\/\" style=\"background-image: url('https:\/\/astoriahorsecenter.ro\/wp-content\/uploads\/2023\/09\/apartman3_04.jpg')\">\r\n\t\t\t<\/a>\r\n\t\t<\/figure>\r\n\t<\/div>\r\n\t\r\n\n<h2 class=\"mphb-room-type-title entry-title\">\n\n<a class=\"mphb-room-type-title\" href=\"https:\/\/astoriahorsecenter.ro\/ro\/booking\/apartment-3\/\">Apartament 3<\/a>\n\n<\/h2>\n\n<p>Apartamentul nostru este alegerea perfect\u0103 pentru cei care caut\u0103 confort \u0219i relaxare \u00eentr-un mediu elegant.<\/p>\n\n\r\n\r\n\r\n\r\n\n<p class=\"mphb-view-details-button-wrapper\">\n<a class=\"button mphb-view-details-button\" href=\"https:\/\/astoriahorsecenter.ro\/ro\/booking\/apartment-3\/\" >Vezi Detalii<\/a>\n<\/p>\r\n\r\n\r\n\n\t\n<\/div>\n\n\n<div class=\"mphb-room-type post-720 mphb_room_type type-mphb_room_type status-publish has-post-thumbnail mphb_room_type_category-apartman-ro mphb_room_type_category-20 description-off mphb-room-type-adults-4 mphb-room-type-children-0\">\n\n\t\n\t\r\n\r\n\t\t<div class=\"img-masked\">\r\n\t\t<figure>\r\n\t\t\t<a href=\"https:\/\/astoriahorsecenter.ro\/ro\/booking\/apartament-4\/\" style=\"background-image: url('https:\/\/astoriahorsecenter.ro\/wp-content\/uploads\/2023\/09\/apartman4_03.jpg')\">\r\n\t\t\t<\/a>\r\n\t\t<\/figure>\r\n\t<\/div>\r\n\t\r\n\n<h2 class=\"mphb-room-type-title entry-title\">\n\n<a class=\"mphb-room-type-title\" href=\"https:\/\/astoriahorsecenter.ro\/ro\/booking\/apartament-4\/\">Apartament 4<\/a>\n\n<\/h2>\n\n<p>Apartamentul nostru este alegerea perfect\u0103 pentru cei care caut\u0103 confort \u0219i relaxare \u00eentr-un mediu elegant.<\/p>\n\n\r\n\r\n\r\n\r\n\n<p class=\"mphb-view-details-button-wrapper\">\n<a class=\"button mphb-view-details-button\" href=\"https:\/\/astoriahorsecenter.ro\/ro\/booking\/apartament-4\/\" >Vezi Detalii<\/a>\n<\/p>\r\n\r\n\r\n\n\t\n<\/div>\n\n\n<div class=\"mphb-room-type post-722 mphb_room_type type-mphb_room_type status-publish has-post-thumbnail mphb_room_type_category-apartman-ro mphb_room_type_category-20 description-off mphb-room-type-adults-4 mphb-room-type-children-0\">\n\n\t\n\t\r\n\r\n\t\t<div class=\"img-masked\">\r\n\t\t<figure>\r\n\t\t\t<a href=\"https:\/\/astoriahorsecenter.ro\/ro\/booking\/apartment-5\/\" style=\"background-image: url('https:\/\/astoriahorsecenter.ro\/wp-content\/uploads\/2023\/09\/apartman5_01.jpg')\">\r\n\t\t\t<\/a>\r\n\t\t<\/figure>\r\n\t<\/div>\r\n\t\r\n\n<h2 class=\"mphb-room-type-title entry-title\">\n\n<a class=\"mphb-room-type-title\" href=\"https:\/\/astoriahorsecenter.ro\/ro\/booking\/apartment-5\/\">Apartment 5<\/a>\n\n<\/h2>\n\n<p>Apartamentul nostru este alegerea perfect\u0103 pentru cei care caut\u0103 confort \u0219i relaxare \u00eentr-un mediu elegant.<\/p>\n\n\r\n\r\n\r\n\r\n\n<p class=\"mphb-view-details-button-wrapper\">\n<a class=\"button mphb-view-details-button\" href=\"https:\/\/astoriahorsecenter.ro\/ro\/booking\/apartment-5\/\" >Vezi Detalii<\/a>\n<\/p>\r\n\r\n\r\n\n\t\n<\/div>\n\n<\/div>\n","protected":false},"excerpt":{"rendered":"<p>Apartamentul nostru este alegerea perfect\u0103 pentru cei care caut\u0103 confort \u0219i relaxare \u00eentr-un mediu elegant. Apartament de 42 mp cu dormitor \u0219i un living spa\u021bios, ideal pentru o familie cu 2 copii Dot\u0103ri: pat dublu de 180&#215;200 cm, canapea extensibil\u0103 de 140&#215;200 cm, televizor inteligent \u00een ambele camere Baie separat\u0103 \u0219i du\u0219 disponibile, echipate cu&hellip;<\/p>\n","protected":false},"author":1,"featured_media":306,"parent":0,"menu_order":0,"comment_status":"closed","ping_status":"closed","template":"","meta":{"footnotes":""},"yoast_head":"<!-- This site is optimized with the Yoast SEO plugin v20.10 - https:\/\/yoast.com\/wordpress\/plugins\/seo\/ -->\n<title>Rezervare - Astoria Horse Center<\/title>\n<meta name=\"robots\" content=\"index, follow, max-snippet:-1, max-image-preview:large, max-video-preview:-1\" \/>\n<link rel=\"canonical\" href=\"https:\/\/astoriahorsecenter.ro\/ro\/booking\/\" \/>\n<meta property=\"og:locale\" content=\"ro_RO\" \/>\n<meta property=\"og:type\" content=\"article\" \/>\n<meta property=\"og:title\" content=\"Rezervare - Astoria Horse Center\" \/>\n<meta property=\"og:url\" content=\"https:\/\/astoriahorsecenter.ro\/ro\/booking\/\" \/>\n<meta property=\"og:site_name\" content=\"Astoria Horse Center\" \/>\n<meta property=\"article:publisher\" content=\"https:\/\/www.facebook.com\/profile.php?id=100083317540249\" \/>\n<meta property=\"article:modified_time\" content=\"2023-09-28T09:31:56+00:00\" \/>\n<meta property=\"og:image\" content=\"https:\/\/astoriahorsecenter.ro\/wp-content\/uploads\/2023\/06\/bg-title-panzio.jpg\" \/>\n\t<meta property=\"og:image:width\" content=\"1920\" \/>\n\t<meta property=\"og:image:height\" content=\"720\" \/>\n\t<meta property=\"og:image:type\" content=\"image\/jpeg\" \/>\n<meta name=\"twitter:card\" content=\"summary_large_image\" \/>\n<meta name=\"twitter:label1\" content=\"Timp estimat pentru citire\" \/>\n\t<meta name=\"twitter:data1\" content=\"1 minut\" \/>\n<script type=\"application\/ld+json\" class=\"yoast-schema-graph\">{\"@context\":\"https:\/\/schema.org\",\"@graph\":[{\"@type\":\"WebPage\",\"@id\":\"https:\/\/astoriahorsecenter.ro\/ro\/booking\/\",\"url\":\"https:\/\/astoriahorsecenter.ro\/ro\/booking\/\",\"name\":\"Rezervare - Astoria Horse Center\",\"isPartOf\":{\"@id\":\"https:\/\/astoriahorsecenter.ro\/#website\"},\"datePublished\":\"2023-08-29T10:47:39+00:00\",\"dateModified\":\"2023-09-28T09:31:56+00:00\",\"breadcrumb\":{\"@id\":\"https:\/\/astoriahorsecenter.ro\/ro\/booking\/#breadcrumb\"},\"inLanguage\":\"ro-RO\",\"potentialAction\":[{\"@type\":\"ReadAction\",\"target\":[\"https:\/\/astoriahorsecenter.ro\/ro\/booking\/\"]}]},{\"@type\":\"BreadcrumbList\",\"@id\":\"https:\/\/astoriahorsecenter.ro\/ro\/booking\/#breadcrumb\",\"itemListElement\":[{\"@type\":\"ListItem\",\"position\":1,\"name\":\"Home\",\"item\":\"https:\/\/astoriahorsecenter.ro\/ro\/\"},{\"@type\":\"ListItem\",\"position\":2,\"name\":\"Rezervare\"}]},{\"@type\":\"WebSite\",\"@id\":\"https:\/\/astoriahorsecenter.ro\/#website\",\"url\":\"https:\/\/astoriahorsecenter.ro\/\",\"name\":\"Astoria Horse Center\",\"description\":\"Baz\u0103 hipic\u0103, Pensiune, Wellness\",\"publisher\":{\"@id\":\"https:\/\/astoriahorsecenter.ro\/#organization\"},\"potentialAction\":[{\"@type\":\"SearchAction\",\"target\":{\"@type\":\"EntryPoint\",\"urlTemplate\":\"https:\/\/astoriahorsecenter.ro\/?s={search_term_string}\"},\"query-input\":\"required name=search_term_string\"}],\"inLanguage\":\"ro-RO\"},{\"@type\":\"Organization\",\"@id\":\"https:\/\/astoriahorsecenter.ro\/#organization\",\"name\":\"Astoria Horse Center\",\"url\":\"https:\/\/astoriahorsecenter.ro\/\",\"logo\":{\"@type\":\"ImageObject\",\"inLanguage\":\"ro-RO\",\"@id\":\"https:\/\/astoriahorsecenter.ro\/#\/schema\/logo\/image\/\",\"url\":\"https:\/\/astoriahorsecenter.ro\/wp-content\/uploads\/2023\/06\/logo-w160.png\",\"contentUrl\":\"https:\/\/astoriahorsecenter.ro\/wp-content\/uploads\/2023\/06\/logo-w160.png\",\"width\":160,\"height\":145,\"caption\":\"Astoria Horse Center\"},\"image\":{\"@id\":\"https:\/\/astoriahorsecenter.ro\/#\/schema\/logo\/image\/\"},\"sameAs\":[\"https:\/\/www.facebook.com\/profile.php?id=100083317540249\"]}]}<\/script>\n<!-- \/ Yoast SEO plugin. -->","yoast_head_json":{"title":"Rezervare - Astoria Horse Center","robots":{"index":"index","follow":"follow","max-snippet":"max-snippet:-1","max-image-preview":"max-image-preview:large","max-video-preview":"max-video-preview:-1"},"canonical":"https:\/\/astoriahorsecenter.ro\/ro\/booking\/","og_locale":"ro_RO","og_type":"article","og_title":"Rezervare - Astoria Horse Center","og_url":"https:\/\/astoriahorsecenter.ro\/ro\/booking\/","og_site_name":"Astoria Horse Center","article_publisher":"https:\/\/www.facebook.com\/profile.php?id=100083317540249","article_modified_time":"2023-09-28T09:31:56+00:00","og_image":[{"width":1920,"height":720,"url":"https:\/\/astoriahorsecenter.ro\/wp-content\/uploads\/2023\/06\/bg-title-panzio.jpg","type":"image\/jpeg"}],"twitter_card":"summary_large_image","twitter_misc":{"Timp estimat pentru citire":"1 minut"},"schema":{"@context":"https:\/\/schema.org","@graph":[{"@type":"WebPage","@id":"https:\/\/astoriahorsecenter.ro\/ro\/booking\/","url":"https:\/\/astoriahorsecenter.ro\/ro\/booking\/","name":"Rezervare - Astoria Horse Center","isPartOf":{"@id":"https:\/\/astoriahorsecenter.ro\/#website"},"datePublished":"2023-08-29T10:47:39+00:00","dateModified":"2023-09-28T09:31:56+00:00","breadcrumb":{"@id":"https:\/\/astoriahorsecenter.ro\/ro\/booking\/#breadcrumb"},"inLanguage":"ro-RO","potentialAction":[{"@type":"ReadAction","target":["https:\/\/astoriahorsecenter.ro\/ro\/booking\/"]}]},{"@type":"BreadcrumbList","@id":"https:\/\/astoriahorsecenter.ro\/ro\/booking\/#breadcrumb","itemListElement":[{"@type":"ListItem","position":1,"name":"Home","item":"https:\/\/astoriahorsecenter.ro\/ro\/"},{"@type":"ListItem","position":2,"name":"Rezervare"}]},{"@type":"WebSite","@id":"https:\/\/astoriahorsecenter.ro\/#website","url":"https:\/\/astoriahorsecenter.ro\/","name":"Astoria Horse Center","description":"Baz\u0103 hipic\u0103, Pensiune, Wellness","publisher":{"@id":"https:\/\/astoriahorsecenter.ro\/#organization"},"potentialAction":[{"@type":"SearchAction","target":{"@type":"EntryPoint","urlTemplate":"https:\/\/astoriahorsecenter.ro\/?s={search_term_string}"},"query-input":"required name=search_term_string"}],"inLanguage":"ro-RO"},{"@type":"Organization","@id":"https:\/\/astoriahorsecenter.ro\/#organization","name":"Astoria Horse Center","url":"https:\/\/astoriahorsecenter.ro\/","logo":{"@type":"ImageObject","inLanguage":"ro-RO","@id":"https:\/\/astoriahorsecenter.ro\/#\/schema\/logo\/image\/","url":"https:\/\/astoriahorsecenter.ro\/wp-content\/uploads\/2023\/06\/logo-w160.png","contentUrl":"https:\/\/astoriahorsecenter.ro\/wp-content\/uploads\/2023\/06\/logo-w160.png","width":160,"height":145,"caption":"Astoria Horse Center"},"image":{"@id":"https:\/\/astoriahorsecenter.ro\/#\/schema\/logo\/image\/"},"sameAs":["https:\/\/www.facebook.com\/profile.php?id=100083317540249"]}]}},"_links":{"self":[{"href":"https:\/\/astoriahorsecenter.ro\/ro\/wp-json\/wp\/v2\/pages\/708"}],"collection":[{"href":"https:\/\/astoriahorsecenter.ro\/ro\/wp-json\/wp\/v2\/pages"}],"about":[{"href":"https:\/\/astoriahorsecenter.ro\/ro\/wp-json\/wp\/v2\/types\/page"}],"author":[{"embeddable":true,"href":"https:\/\/astoriahorsecenter.ro\/ro\/wp-json\/wp\/v2\/users\/1"}],"replies":[{"embeddable":true,"href":"https:\/\/astoriahorsecenter.ro\/ro\/wp-json\/wp\/v2\/comments?post=708"}],"version-history":[{"count":1,"href":"https:\/\/astoriahorsecenter.ro\/ro\/wp-json\/wp\/v2\/pages\/708\/revisions"}],"predecessor-version":[{"id":709,"href":"https:\/\/astoriahorsecenter.ro\/ro\/wp-json\/wp\/v2\/pages\/708\/revisions\/709"}],"wp:featuredmedia":[{"embeddable":true,"href":"https:\/\/astoriahorsecenter.ro\/ro\/wp-json\/wp\/v2\/media\/306"}],"wp:attachment":[{"href":"https:\/\/astoriahorsecenter.ro\/ro\/wp-json\/wp\/v2\/media?parent=708"}],"curies":[{"name":"wp","href":"https:\/\/api.w.org\/{rel}","templated":true}]}}