{"id":335,"date":"2023-06-07T13:04:07","date_gmt":"2023-06-07T10:04:07","guid":{"rendered":"https:\/\/astoriahorsecenter.ro\/astoria-horse-center\/"},"modified":"2023-06-30T13:07:16","modified_gmt":"2023-06-30T10:07:16","slug":"astoria-horse-center","status":"publish","type":"page","link":"https:\/\/astoriahorsecenter.ro\/ro\/astoria-horse-center\/","title":{"rendered":"Astoria Horse Center"},"content":{"rendered":"<section class=\"wpb-content-wrapper\"><p>[vc_section el_class=&#8221;home-section&#8221;][vc_row gap=&#8221;35&#8243; equal_height=&#8221;yes&#8221; content_placement=&#8221;middle&#8221; el_class=&#8221;home-section-row row-home-pension row-flipped&#8221;][vc_column width=&#8221;1\/2&#8243; el_class=&#8221;col-txt bg-green-radial&#8221;][vc_column_text]La noi, fiecare persoan\u0103 poate g\u0103si activitatea care i se potrive\u0219te! Oferim lec\u021bii de echita\u021bie at\u00e2t pentru \u00eencep\u0103tori, c\u00e2t \u0219i pentru c\u0103l\u0103re\u021bi avansa\u021bi, precum \u0219i tururi cu calul pentru cei care doresc s\u0103 descopere \u00eemprejurimile.<\/p>\n<p>Astoria Horse Center, nou construit, este situat \u00een Gheorgheni. Pe teritoriul hotelului este Wi-Fi gratuit. Apartamentele noastre sunt dotate cu televizor SMART \u0219i paturi confortabile pentru odihn\u0103. B\u0103ile private sunt prev\u0103zute cu cabine du\u0219, halate de baie, papuci \u0219i usc\u0103tor de p\u0103r.<\/p>\n<p>Oaspe\u021bii no\u0219tri de la hotel pot utiliza gratuit facilit\u0103\u021bile noastre de wellness. \u00cen baza noastr\u0103 hipic\u0103, ave\u021bi posibilitatea s\u0103 c\u0103l\u0103ri\u021bi. Astoria Horse Center ofer\u0103 mic dejun \u00c0 la carte. Oaspe\u021bii hotelului beneficiaz\u0103 de o reducere de 20% \u00een orice moment al zilei la restaurantul Astoria, situat la 5 minute de mers cu ma\u0219ina.[\/vc_column_text][\/vc_column][vc_column width=&#8221;1\/2&#8243; el_class=&#8221;col-img&#8221;][vc_single_image image=&#8221;47&#8243; img_size=&#8221;full&#8221; alignment=&#8221;center&#8221; image_hovers=&#8221;false&#8221; lazy_loading=&#8221;true&#8221; el_class=&#8221;img-masked&#8221;][\/vc_column][\/vc_row][\/vc_section][vc_section full_width=&#8221;stretch_row&#8221; el_class=&#8221;home-section&#8221;][vc_row full_width=&#8221;stretch_row&#8221; gap=&#8221;35&#8243; equal_height=&#8221;yes&#8221; content_placement=&#8221;middle&#8221; el_class=&#8221;home-section-row row-home-wellness middle&#8221;][vc_column width=&#8221;1\/2&#8243; el_class=&#8221;col-txt bg-green-radial&#8221;][vc_custom_heading text=&#8221;Astoria Horse Center ofer\u0103 urm\u0103toarele programe\/servicii&#8221; use_theme_fonts=&#8221;yes&#8221;][vc_column_text]<\/p>\n<ul>\n<li aria-level=\"1\">Jacuzzi | Piscin\u0103 cu hidromasaj<\/li>\n<li aria-level=\"1\">Saun\u0103<\/li>\n<li aria-level=\"1\">Excursii<\/li>\n<li aria-level=\"1\">Posibilit\u0103\u021bi de schi<\/li>\n<li aria-level=\"1\">Servicii de wellness<\/li>\n<li aria-level=\"1\">Piscin\u0103 interioar\u0103<\/li>\n<li aria-level=\"1\">Echita\u021bie<\/li>\n<li aria-level=\"1\">Zon\u0103 de relaxare \u0219i wellness<\/li>\n<\/ul>\n<p>Astoria Horse Center accept\u0103 check-in-ul dup\u0103 ora 16:00 \u0219i check-out-ul p\u00e2n\u0103 la ora 11:00.<\/p>\n<p><strong><em>*se pot aplica costuri suplimentare<\/em><\/strong>[\/vc_column_text][\/vc_column][vc_column width=&#8221;1\/2&#8243; el_class=&#8221;col-img&#8221;][vc_single_image image=&#8221;57&#8243; img_size=&#8221;full&#8221; alignment=&#8221;center&#8221; image_hovers=&#8221;false&#8221; lazy_loading=&#8221;true&#8221; el_class=&#8221;img-masked&#8221;][\/vc_column][\/vc_row][\/vc_section][vc_row equal_height=&#8221;yes&#8221; content_placement=&#8221;middle&#8221; el_id=&#8221;homeTopRow&#8221;][vc_column width=&#8221;1\/6&#8243;][\/vc_column][vc_column width=&#8221;2\/3&#8243; el_class=&#8221;col-txt&#8221;][vc_row_inner gap=&#8221;30&#8243; el_class=&#8221;row-icons&#8221;][vc_column_inner width=&#8221;1\/3&#8243;][vc_single_image image=&#8221;29&#8243; img_size=&#8221;full&#8221; alignment=&#8221;center&#8221; onclick=&#8221;custom_link&#8221; image_hovers=&#8221;false&#8221; lazy_loading=&#8221;true&#8221; link=&#8221;https:\/\/astoriahorsecenter.ro\/ro\/baza-hipica\/&#8221; el_class=&#8221;img-masked&#8221;][vc_custom_heading text=&#8221;Baz\u0103 hipic\u0103&#8221; font_container=&#8221;tag:h4|text_align:center&#8221; use_theme_fonts=&#8221;yes&#8221; link=&#8221;url:https%3A%2F%2Fastoriahorsecenter.ro%2Fro%2Fbaza-hipica%2F|title:Panzi%C3%B3&#8243;][\/vc_column_inner][vc_column_inner width=&#8221;1\/3&#8243;][vc_single_image image=&#8221;30&#8243; img_size=&#8221;full&#8221; alignment=&#8221;center&#8221; onclick=&#8221;custom_link&#8221; image_hovers=&#8221;false&#8221; lazy_loading=&#8221;true&#8221; link=&#8221;https:\/\/astoriahorsecenter.ro\/ro\/pensiune\/&#8221; el_class=&#8221;img-masked&#8221;][vc_custom_heading text=&#8221;Pensiune&#8221; font_container=&#8221;tag:h4|text_align:center&#8221; use_theme_fonts=&#8221;yes&#8221; link=&#8221;url:https%3A%2F%2Fastoriahorsecenter.ro%2Fro%2Fpensiune%2F|title:Panzi%C3%B3&#8243;][\/vc_column_inner][vc_column_inner width=&#8221;1\/3&#8243;][vc_single_image image=&#8221;31&#8243; img_size=&#8221;full&#8221; alignment=&#8221;center&#8221; onclick=&#8221;custom_link&#8221; image_hovers=&#8221;false&#8221; lazy_loading=&#8221;true&#8221; link=&#8221;https:\/\/astoriahorsecenter.ro\/ro\/wellness\/&#8221; el_class=&#8221;img-masked&#8221;][vc_custom_heading text=&#8221;Wellness&#8221; font_container=&#8221;tag:h4|text_align:center&#8221; use_theme_fonts=&#8221;yes&#8221; link=&#8221;url:https%3A%2F%2Fastoriahorsecenter.ro%2Fro%2Fwellness%2F|title:Wellness&#8221;][\/vc_column_inner][\/vc_row_inner][\/vc_column][vc_column width=&#8221;1\/6&#8243;][\/vc_column][\/vc_row]<\/p>\n<\/section>","protected":false},"excerpt":{"rendered":"<p>[vc_section el_class=&#8221;home-section&#8221;][vc_row gap=&#8221;35&#8243; equal_height=&#8221;yes&#8221; content_placement=&#8221;middle&#8221; el_class=&#8221;home-section-row row-home-pension row-flipped&#8221;][vc_column width=&#8221;1\/2&#8243; el_class=&#8221;col-txt bg-green-radial&#8221;][vc_column_text]La noi, fiecare persoan\u0103 poate g\u0103si activitatea care i se potrive\u0219te! Oferim lec\u021bii de echita\u021bie at\u00e2t pentru \u00eencep\u0103tori, c\u00e2t \u0219i pentru c\u0103l\u0103re\u021bi avansa\u021bi, precum \u0219i tururi cu calul pentru cei care doresc s\u0103 descopere \u00eemprejurimile. Astoria Horse Center, nou construit, este situat \u00een Gheorgheni. Pe&hellip;<\/p>\n","protected":false},"author":1,"featured_media":246,"parent":0,"menu_order":0,"comment_status":"closed","ping_status":"closed","template":"","meta":{"footnotes":""},"yoast_head":"<!-- This site is optimized with the Yoast SEO plugin v20.10 - https:\/\/yoast.com\/wordpress\/plugins\/seo\/ -->\n<title>Astoria Horse Center - Astoria Horse Center<\/title>\n<meta name=\"robots\" content=\"index, follow, max-snippet:-1, max-image-preview:large, max-video-preview:-1\" \/>\n<link rel=\"canonical\" href=\"https:\/\/astoriahorsecenter.ro\/ro\/astoria-horse-center\/\" \/>\n<meta property=\"og:locale\" content=\"ro_RO\" \/>\n<meta property=\"og:type\" content=\"article\" \/>\n<meta property=\"og:title\" content=\"Astoria Horse Center - Astoria Horse Center\" \/>\n<meta property=\"og:description\" content=\"[vc_section el_class=&#8221;home-section&#8221;][vc_row gap=&#8221;35&#8243; equal_height=&#8221;yes&#8221; content_placement=&#8221;middle&#8221; el_class=&#8221;home-section-row row-home-pension row-flipped&#8221;][vc_column width=&#8221;1\/2&#8243; el_class=&#8221;col-txt bg-green-radial&#8221;][vc_column_text]La noi, fiecare persoan\u0103 poate g\u0103si activitatea care i se potrive\u0219te! Oferim lec\u021bii de echita\u021bie at\u00e2t pentru \u00eencep\u0103tori, c\u00e2t \u0219i pentru c\u0103l\u0103re\u021bi avansa\u021bi, precum \u0219i tururi cu calul pentru cei care doresc s\u0103 descopere \u00eemprejurimile. Astoria Horse Center, nou construit, este situat \u00een Gheorgheni. Pe&hellip;\" \/>\n<meta property=\"og:url\" content=\"https:\/\/astoriahorsecenter.ro\/ro\/astoria-horse-center\/\" \/>\n<meta property=\"og:site_name\" content=\"Astoria Horse Center\" \/>\n<meta property=\"article:publisher\" content=\"https:\/\/www.facebook.com\/profile.php?id=100083317540249\" \/>\n<meta property=\"article:modified_time\" content=\"2023-06-30T10:07:16+00:00\" \/>\n<meta property=\"og:image\" content=\"https:\/\/astoriahorsecenter.ro\/wp-content\/uploads\/2023\/06\/bg-title-about.jpg\" \/>\n\t<meta property=\"og:image:width\" content=\"1920\" \/>\n\t<meta property=\"og:image:height\" content=\"720\" \/>\n\t<meta property=\"og:image:type\" content=\"image\/jpeg\" \/>\n<meta name=\"twitter:card\" content=\"summary_large_image\" \/>\n<meta name=\"twitter:label1\" content=\"Timp estimat pentru citire\" \/>\n\t<meta name=\"twitter:data1\" content=\"2 minute\" \/>\n<script type=\"application\/ld+json\" class=\"yoast-schema-graph\">{\"@context\":\"https:\/\/schema.org\",\"@graph\":[{\"@type\":\"WebPage\",\"@id\":\"https:\/\/astoriahorsecenter.ro\/ro\/astoria-horse-center\/\",\"url\":\"https:\/\/astoriahorsecenter.ro\/ro\/astoria-horse-center\/\",\"name\":\"Astoria Horse Center - Astoria Horse Center\",\"isPartOf\":{\"@id\":\"https:\/\/astoriahorsecenter.ro\/#website\"},\"datePublished\":\"2023-06-07T10:04:07+00:00\",\"dateModified\":\"2023-06-30T10:07:16+00:00\",\"breadcrumb\":{\"@id\":\"https:\/\/astoriahorsecenter.ro\/ro\/astoria-horse-center\/#breadcrumb\"},\"inLanguage\":\"ro-RO\",\"potentialAction\":[{\"@type\":\"ReadAction\",\"target\":[\"https:\/\/astoriahorsecenter.ro\/ro\/astoria-horse-center\/\"]}]},{\"@type\":\"BreadcrumbList\",\"@id\":\"https:\/\/astoriahorsecenter.ro\/ro\/astoria-horse-center\/#breadcrumb\",\"itemListElement\":[{\"@type\":\"ListItem\",\"position\":1,\"name\":\"Home\",\"item\":\"https:\/\/astoriahorsecenter.ro\/ro\/\"},{\"@type\":\"ListItem\",\"position\":2,\"name\":\"Astoria Horse Center\"}]},{\"@type\":\"WebSite\",\"@id\":\"https:\/\/astoriahorsecenter.ro\/#website\",\"url\":\"https:\/\/astoriahorsecenter.ro\/\",\"name\":\"Astoria Horse Center\",\"description\":\"Baz\u0103 hipic\u0103, Pensiune, Wellness\",\"publisher\":{\"@id\":\"https:\/\/astoriahorsecenter.ro\/#organization\"},\"potentialAction\":[{\"@type\":\"SearchAction\",\"target\":{\"@type\":\"EntryPoint\",\"urlTemplate\":\"https:\/\/astoriahorsecenter.ro\/?s={search_term_string}\"},\"query-input\":\"required name=search_term_string\"}],\"inLanguage\":\"ro-RO\"},{\"@type\":\"Organization\",\"@id\":\"https:\/\/astoriahorsecenter.ro\/#organization\",\"name\":\"Astoria Horse Center\",\"url\":\"https:\/\/astoriahorsecenter.ro\/\",\"logo\":{\"@type\":\"ImageObject\",\"inLanguage\":\"ro-RO\",\"@id\":\"https:\/\/astoriahorsecenter.ro\/#\/schema\/logo\/image\/\",\"url\":\"https:\/\/astoriahorsecenter.ro\/wp-content\/uploads\/2023\/06\/logo-w160.png\",\"contentUrl\":\"https:\/\/astoriahorsecenter.ro\/wp-content\/uploads\/2023\/06\/logo-w160.png\",\"width\":160,\"height\":145,\"caption\":\"Astoria Horse Center\"},\"image\":{\"@id\":\"https:\/\/astoriahorsecenter.ro\/#\/schema\/logo\/image\/\"},\"sameAs\":[\"https:\/\/www.facebook.com\/profile.php?id=100083317540249\"]}]}<\/script>\n<!-- \/ Yoast SEO plugin. -->","yoast_head_json":{"title":"Astoria Horse Center - Astoria Horse Center","robots":{"index":"index","follow":"follow","max-snippet":"max-snippet:-1","max-image-preview":"max-image-preview:large","max-video-preview":"max-video-preview:-1"},"canonical":"https:\/\/astoriahorsecenter.ro\/ro\/astoria-horse-center\/","og_locale":"ro_RO","og_type":"article","og_title":"Astoria Horse Center - Astoria Horse Center","og_description":"[vc_section el_class=&#8221;home-section&#8221;][vc_row gap=&#8221;35&#8243; equal_height=&#8221;yes&#8221; content_placement=&#8221;middle&#8221; el_class=&#8221;home-section-row row-home-pension row-flipped&#8221;][vc_column width=&#8221;1\/2&#8243; el_class=&#8221;col-txt bg-green-radial&#8221;][vc_column_text]La noi, fiecare persoan\u0103 poate g\u0103si activitatea care i se potrive\u0219te! Oferim lec\u021bii de echita\u021bie at\u00e2t pentru \u00eencep\u0103tori, c\u00e2t \u0219i pentru c\u0103l\u0103re\u021bi avansa\u021bi, precum \u0219i tururi cu calul pentru cei care doresc s\u0103 descopere \u00eemprejurimile. Astoria Horse Center, nou construit, este situat \u00een Gheorgheni. Pe&hellip;","og_url":"https:\/\/astoriahorsecenter.ro\/ro\/astoria-horse-center\/","og_site_name":"Astoria Horse Center","article_publisher":"https:\/\/www.facebook.com\/profile.php?id=100083317540249","article_modified_time":"2023-06-30T10:07:16+00:00","og_image":[{"width":1920,"height":720,"url":"https:\/\/astoriahorsecenter.ro\/wp-content\/uploads\/2023\/06\/bg-title-about.jpg","type":"image\/jpeg"}],"twitter_card":"summary_large_image","twitter_misc":{"Timp estimat pentru citire":"2 minute"},"schema":{"@context":"https:\/\/schema.org","@graph":[{"@type":"WebPage","@id":"https:\/\/astoriahorsecenter.ro\/ro\/astoria-horse-center\/","url":"https:\/\/astoriahorsecenter.ro\/ro\/astoria-horse-center\/","name":"Astoria Horse Center - Astoria Horse Center","isPartOf":{"@id":"https:\/\/astoriahorsecenter.ro\/#website"},"datePublished":"2023-06-07T10:04:07+00:00","dateModified":"2023-06-30T10:07:16+00:00","breadcrumb":{"@id":"https:\/\/astoriahorsecenter.ro\/ro\/astoria-horse-center\/#breadcrumb"},"inLanguage":"ro-RO","potentialAction":[{"@type":"ReadAction","target":["https:\/\/astoriahorsecenter.ro\/ro\/astoria-horse-center\/"]}]},{"@type":"BreadcrumbList","@id":"https:\/\/astoriahorsecenter.ro\/ro\/astoria-horse-center\/#breadcrumb","itemListElement":[{"@type":"ListItem","position":1,"name":"Home","item":"https:\/\/astoriahorsecenter.ro\/ro\/"},{"@type":"ListItem","position":2,"name":"Astoria Horse Center"}]},{"@type":"WebSite","@id":"https:\/\/astoriahorsecenter.ro\/#website","url":"https:\/\/astoriahorsecenter.ro\/","name":"Astoria Horse Center","description":"Baz\u0103 hipic\u0103, Pensiune, Wellness","publisher":{"@id":"https:\/\/astoriahorsecenter.ro\/#organization"},"potentialAction":[{"@type":"SearchAction","target":{"@type":"EntryPoint","urlTemplate":"https:\/\/astoriahorsecenter.ro\/?s={search_term_string}"},"query-input":"required name=search_term_string"}],"inLanguage":"ro-RO"},{"@type":"Organization","@id":"https:\/\/astoriahorsecenter.ro\/#organization","name":"Astoria Horse Center","url":"https:\/\/astoriahorsecenter.ro\/","logo":{"@type":"ImageObject","inLanguage":"ro-RO","@id":"https:\/\/astoriahorsecenter.ro\/#\/schema\/logo\/image\/","url":"https:\/\/astoriahorsecenter.ro\/wp-content\/uploads\/2023\/06\/logo-w160.png","contentUrl":"https:\/\/astoriahorsecenter.ro\/wp-content\/uploads\/2023\/06\/logo-w160.png","width":160,"height":145,"caption":"Astoria Horse Center"},"image":{"@id":"https:\/\/astoriahorsecenter.ro\/#\/schema\/logo\/image\/"},"sameAs":["https:\/\/www.facebook.com\/profile.php?id=100083317540249"]}]}},"_links":{"self":[{"href":"https:\/\/astoriahorsecenter.ro\/ro\/wp-json\/wp\/v2\/pages\/335"}],"collection":[{"href":"https:\/\/astoriahorsecenter.ro\/ro\/wp-json\/wp\/v2\/pages"}],"about":[{"href":"https:\/\/astoriahorsecenter.ro\/ro\/wp-json\/wp\/v2\/types\/page"}],"author":[{"embeddable":true,"href":"https:\/\/astoriahorsecenter.ro\/ro\/wp-json\/wp\/v2\/users\/1"}],"replies":[{"embeddable":true,"href":"https:\/\/astoriahorsecenter.ro\/ro\/wp-json\/wp\/v2\/comments?post=335"}],"version-history":[{"count":4,"href":"https:\/\/astoriahorsecenter.ro\/ro\/wp-json\/wp\/v2\/pages\/335\/revisions"}],"predecessor-version":[{"id":465,"href":"https:\/\/astoriahorsecenter.ro\/ro\/wp-json\/wp\/v2\/pages\/335\/revisions\/465"}],"wp:featuredmedia":[{"embeddable":true,"href":"https:\/\/astoriahorsecenter.ro\/ro\/wp-json\/wp\/v2\/media\/246"}],"wp:attachment":[{"href":"https:\/\/astoriahorsecenter.ro\/ro\/wp-json\/wp\/v2\/media?parent=335"}],"curies":[{"name":"wp","href":"https:\/\/api.w.org\/{rel}","templated":true}]}}