{"id":331,"date":"2023-06-05T11:31:43","date_gmt":"2023-06-05T08:31:43","guid":{"rendered":"https:\/\/astoriahorsecenter.ro\/fooldal-hu\/"},"modified":"2023-10-04T08:37:13","modified_gmt":"2023-10-04T05:37:13","slug":"fooldal-hu","status":"publish","type":"page","link":"https:\/\/astoriahorsecenter.ro\/ro\/","title":{"rendered":"!F\u0151oldal RO"},"content":{"rendered":"<section class=\"wpb-content-wrapper\"><p>[vc_row full_width=&#8221;stretch_row_content_no_spaces&#8221; equal_height=&#8221;yes&#8221; content_placement=&#8221;middle&#8221; el_id=&#8221;homeTopRow&#8221;][vc_column width=&#8221;1\/2&#8243; el_class=&#8221;col-txt bg-green-radial&#8221;][vc_row_inner el_class=&#8221;row-narrow&#8221;][vc_column_inner][vc_single_image image=&#8221;9&#8243; img_size=&#8221;full&#8221; alignment=&#8221;center&#8221; el_class=&#8221;home-logo&#8221;][vc_custom_heading text=&#8221;Bun venit pe site-ul Astoria Horse Center&#8221; font_container=&#8221;tag:h1|text_align:center&#8221; use_theme_fonts=&#8221;yes&#8221;][vc_column_text]<\/p>\n<p style=\"text-align: center;\">Dac\u0103 e\u0219ti c\u0103l\u0103re\u021b profesionist sau pur \u0219i simplu vrei s\u0103 \u00eencerci echita\u021bia, te afli \u00een locul potrivit! La hotelul nostru, po\u021bi petrece o s\u0103pt\u0103m\u00e2n\u0103 \u00eentreag\u0103, beneficiind de trei mese zilnice \u0219i cinci ore de echita\u021bie. \u00cen cadrul tururilor noastre de 1-2 zile, vei putea c\u0103l\u0103ri \u00een jurul unor peisaje minunate, bucur\u00e2ndu-te de panorame superbe. Te a\u0219tept\u0103m cu drag!<\/p>\n<p>[\/vc_column_text][\/vc_column_inner][\/vc_row_inner][vc_row_inner gap=&#8221;30&#8243; el_class=&#8221;row-icons&#8221;][vc_column_inner width=&#8221;1\/3&#8243;][vc_single_image image=&#8221;29&#8243; img_size=&#8221;full&#8221; alignment=&#8221;center&#8221; onclick=&#8221;custom_link&#8221; image_hovers=&#8221;false&#8221; lazy_loading=&#8221;true&#8221; link=&#8221;https:\/\/astoriahorsecenter.ro\/ro\/baza-hipica\/&#8221; el_class=&#8221;img-masked&#8221;][vc_custom_heading text=&#8221;Baz\u0103 hipic\u0103&#8221; font_container=&#8221;tag:h4|text_align:center&#8221; use_theme_fonts=&#8221;yes&#8221; link=&#8221;url:https%3A%2F%2Fastoriahorsecenter.ro%2Fro%2Fbaza-hipica%2F|title:Lovarda&#8221;][\/vc_column_inner][vc_column_inner width=&#8221;1\/3&#8243;][vc_single_image image=&#8221;30&#8243; img_size=&#8221;full&#8221; alignment=&#8221;center&#8221; onclick=&#8221;custom_link&#8221; image_hovers=&#8221;false&#8221; lazy_loading=&#8221;true&#8221; link=&#8221;https:\/\/astoriahorsecenter.ro\/ro\/pensiune\/&#8221; el_class=&#8221;img-masked&#8221;][vc_custom_heading text=&#8221;Pensiune&#8221; font_container=&#8221;tag:h4|text_align:center&#8221; use_theme_fonts=&#8221;yes&#8221; link=&#8221;url:https%3A%2F%2Fastoriahorsecenter.ro%2Fro%2Fpensiune%2F|title:Panzi%C3%B3&#8243;][\/vc_column_inner][vc_column_inner width=&#8221;1\/3&#8243;][vc_single_image image=&#8221;31&#8243; img_size=&#8221;full&#8221; alignment=&#8221;center&#8221; onclick=&#8221;custom_link&#8221; image_hovers=&#8221;false&#8221; lazy_loading=&#8221;true&#8221; link=&#8221;https:\/\/astoriahorsecenter.ro\/ro\/wellness\/&#8221; el_class=&#8221;img-masked&#8221;][vc_custom_heading text=&#8221;Wellness&#8221; font_container=&#8221;tag:h4|text_align:center&#8221; use_theme_fonts=&#8221;yes&#8221; link=&#8221;url:https%3A%2F%2Fastoriahorsecenter.ro%2Fro%2Fwellness%2F|title:Wellness&#8221;][\/vc_column_inner][\/vc_row_inner][\/vc_column][vc_column width=&#8221;1\/2&#8243; el_class=&#8221;col-img&#8221;][vc_raw_html]JTNDc3ZnJTIweG1sbnMlM0QlMjJodHRwJTNBJTJGJTJGd3d3LnczLm9yZyUyRjIwMDAlMkZzdmclMjIlMjB2aWV3Qm94JTNEJTIyMCUyMDAlMjA1OTUlMjA2NDkuNjk5JTIyJTIwc3R5bGUlM0QlMjJzaGFwZS1yZW5kZXJpbmclM0FnZW9tZXRyaWNQcmVjaXNpb24lM0IlMjB0ZXh0LXJlbmRlcmluZyUzQWdlb21ldHJpY1ByZWNpc2lvbiUzQiUyMGltYWdlLXJlbmRlcmluZyUzQW9wdGltaXplUXVhbGl0eSUzQiUyMGZpbGwtcnVsZSUzQWV2ZW5vZGQlM0IlMjBjbGlwLXJ1bGUlM0FldmVub2RkJTIyJTIweG1sJTNBc3BhY2UlM0QlMjJwcmVzZXJ2ZSUyMiUyMHdpZHRoJTNEJTIyNTk1cHglMjIlMjBoZWlnaHQlM0QlMjI2NTBweCUyMiUyMHZlcnNpb24lM0QlMjIxLjElMjIlMjBwcmVzZXJ2ZUFzcGVjdFJhdGlvJTNEJTIyeE1pZFlNaWQlMjBtZWV0JTIyJTIwY2xhc3MlM0QlMjJlbGx5cHMxJTIyJTNFJTBBJTNDZWxsaXBzZSUyMGN4JTNEJTIyMjk3LjUlMjIlMjBjeSUzRCUyMjMyNC44NDklMjIlMjByeCUzRCUyMjI5Ny41JTIyJTIwcnklM0QlMjIzMjQuNjAxJTIyJTJGJTNFJTBBJTNDJTJGc3ZnJTNF[\/vc_raw_html][vc_raw_html]JTNDc3ZnJTIweG1sbnMlM0QlMjJodHRwJTNBJTJGJTJGd3d3LnczLm9yZyUyRjIwMDAlMkZzdmclMjIlMjB2aWV3Qm94JTNEJTIyMCUyMDAlMjA1OTUlMjA2NDkuNjk5JTIyJTIwc3R5bGUlM0QlMjJzaGFwZS1yZW5kZXJpbmclM0FnZW9tZXRyaWNQcmVjaXNpb24lM0IlMjB0ZXh0LXJlbmRlcmluZyUzQWdlb21ldHJpY1ByZWNpc2lvbiUzQiUyMGltYWdlLXJlbmRlcmluZyUzQW9wdGltaXplUXVhbGl0eSUzQiUyMGZpbGwtcnVsZSUzQWV2ZW5vZGQlM0IlMjBjbGlwLXJ1bGUlM0FldmVub2RkJTIyJTIweG1sJTNBc3BhY2UlM0QlMjJwcmVzZXJ2ZSUyMiUyMHdpZHRoJTNEJTIyNTk1cHglMjIlMjBoZWlnaHQlM0QlMjI2NTBweCUyMiUyMHZlcnNpb24lM0QlMjIxLjElMjIlMjBwcmVzZXJ2ZUFzcGVjdFJhdGlvJTNEJTIyeE1pZFlNaWQlMjBtZWV0JTIyJTIwY2xhc3MlM0QlMjJlbGx5cHMyJTIyJTNFJTBBJTNDZWxsaXBzZSUyMGN4JTNEJTIyMjk3LjUlMjIlMjBjeSUzRCUyMjMyNC44NDklMjIlMjByeCUzRCUyMjI5Ny41JTIyJTIwcnklM0QlMjIzMjQuNjAxJTIyJTJGJTNFJTBBJTNDJTJGc3ZnJTNF[\/vc_raw_html][vc_single_image image=&#8221;474&#8243; img_size=&#8221;full&#8221; alignment=&#8221;center&#8221; image_hovers=&#8221;false&#8221; lazy_loading=&#8221;true&#8221; el_class=&#8221;img-masked&#8221;][\/vc_column][\/vc_row][vc_section el_class=&#8221;home-section&#8221;][vc_row gap=&#8221;35&#8243; equal_height=&#8221;yes&#8221; content_placement=&#8221;middle&#8221; el_class=&#8221;home-section-row row-home-about bg-green-radial-dark&#8221;][vc_column width=&#8221;1\/2&#8243; el_class=&#8221;col-txt&#8221;][vc_custom_heading text=&#8221;Astoria Horse Center&#8221; use_theme_fonts=&#8221;yes&#8221;][vc_column_text]La noi, fiecare persoan\u0103 poate g\u0103si activitatea care i se potrive\u0219te! Oferim lec\u021bii de echita\u021bie at\u00e2t pentru \u00eencep\u0103tori, c\u00e2t \u0219i pentru c\u0103l\u0103re\u021bi avansa\u021bi, precum \u0219i tururi cu calul pentru cei care doresc s\u0103 descopere \u00eemprejurimile.[\/vc_column_text]<style type=\"text\/css\" data-type=\"the7_shortcodes-inline-css\">#default-btn-ef48347898c8381091d4bb35ebd0d6b4.ico-right-side > i {\n  margin-right: 0px;\n  margin-left: 8px;\n}\n#default-btn-ef48347898c8381091d4bb35ebd0d6b4 > i {\n  margin-right: 8px;\n}\n<\/style><a href=\"https:\/\/astoriahorsecenter.ro\/ro\/astoria-horse-center\/\" class=\"default-btn-shortcode dt-btn dt-btn-l link-hover-off btn-inline-left \" id=\"default-btn-ef48347898c8381091d4bb35ebd0d6b4\" title=\"Astoria Horse Center\"><span>Despre noi<\/span><\/a>[\/vc_column][vc_column width=&#8221;1\/2&#8243; el_class=&#8221;col-img&#8221;][vc_single_image image=&#8221;39&#8243; img_size=&#8221;full&#8221; alignment=&#8221;center&#8221; lazy_loading=&#8221;true&#8221;][\/vc_column][\/vc_row][\/vc_section][vc_section el_class=&#8221;home-section&#8221;][vc_row gap=&#8221;35&#8243; equal_height=&#8221;yes&#8221; content_placement=&#8221;middle&#8221; el_class=&#8221;home-section-row row-home-pension row-flipped&#8221;][vc_column width=&#8221;1\/2&#8243; el_class=&#8221;col-txt bg-green-radial&#8221;][vc_custom_heading text=&#8221;Baz\u0103 hipic\u0103&#8221; use_theme_fonts=&#8221;yes&#8221;][vc_column_text]La baza noastr\u0103 hipic\u0103, acord\u0103m aten\u021bie deosebit\u0103 s\u0103n\u0103t\u0103\u021bii \u0219i bun\u0103st\u0103rii cailor. Caii no\u0219tri particip\u0103 regulat la examin\u0103ri medicale \u0219i, prin alimenta\u021bie adecvat\u0103 \u0219i \u00eengrijire atent\u0103, ne asigur\u0103m c\u0103 sunt mereu \u00een cea mai bun\u0103 form\u0103.[\/vc_column_text]<style type=\"text\/css\" data-type=\"the7_shortcodes-inline-css\">#default-btn-677a4b0e7d9ea1f7893ce164e7d9db90.ico-right-side > i {\n  margin-right: 0px;\n  margin-left: 8px;\n}\n#default-btn-677a4b0e7d9ea1f7893ce164e7d9db90 > i {\n  margin-right: 8px;\n}\n<\/style><a href=\"https:\/\/astoriahorsecenter.ro\/ro\/baza-hipica\/\" class=\"default-btn-shortcode dt-btn dt-btn-l link-hover-off btn-inline-left \" id=\"default-btn-677a4b0e7d9ea1f7893ce164e7d9db90\" title=\"Baz\u0103 hipic\u0103\"><span>Pensiune de cai<\/span><\/a>[\/vc_column][vc_column width=&#8221;1\/2&#8243; el_class=&#8221;col-img&#8221;][vc_single_image image=&#8221;56&#8243; img_size=&#8221;full&#8221; alignment=&#8221;center&#8221; image_hovers=&#8221;false&#8221; lazy_loading=&#8221;true&#8221; el_class=&#8221;img-masked&#8221;][\/vc_column][\/vc_row][\/vc_section][vc_section full_width=&#8221;stretch_row&#8221; el_class=&#8221;home-section home-section-waves&#8221;][vc_row full_width=&#8221;stretch_row_content_no_spaces&#8221; el_class=&#8221;row-margin&#8221;][vc_column][vc_single_image image=&#8221;63&#8243; img_size=&#8221;full&#8221; image_hovers=&#8221;false&#8221;][\/vc_column][\/vc_row][vc_row full_width=&#8221;stretch_row&#8221; gap=&#8221;35&#8243; equal_height=&#8221;yes&#8221; content_placement=&#8221;middle&#8221; el_class=&#8221;home-section-row row-home-pension middle&#8221;][vc_column width=&#8221;1\/2&#8243; el_class=&#8221;col-txt bg-green-radial-dark&#8221;][vc_custom_heading text=&#8221;Pensiune&#8221; use_theme_fonts=&#8221;yes&#8221;][vc_column_text]Cazarea noastr\u0103 este dotat\u0103 cu mobilier modern \u0219i confortabil, astfel \u00eenc\u00e2t ne asigur\u0103m c\u0103 satisfacem confortul fiec\u0103rui oaspete. Toate camerele noastre sunt spa\u021bioase \u0219i luminoase, cre\u00e2nd o atmosfer\u0103 pl\u0103cut\u0103 \u00een care s\u0103 te sim\u021bi cu adev\u0103rat ca acas\u0103.[\/vc_column_text]<style type=\"text\/css\" data-type=\"the7_shortcodes-inline-css\">#default-btn-983b2a12d6aab89b91bf4b82c1aebf2a.ico-right-side > i {\n  margin-right: 0px;\n  margin-left: 8px;\n}\n#default-btn-983b2a12d6aab89b91bf4b82c1aebf2a > i {\n  margin-right: 8px;\n}\n<\/style><a href=\"https:\/\/astoriahorsecenter.ro\/ro\/pensiune\/\" class=\"default-btn-shortcode dt-btn dt-btn-l link-hover-off btn-inline-left \" id=\"default-btn-983b2a12d6aab89b91bf4b82c1aebf2a\" title=\"Pensiune\"><span>Detalii<\/span><\/a>[\/vc_column][vc_column width=&#8221;1\/2&#8243; el_class=&#8221;col-img&#8221;][vc_single_image image=&#8221;47&#8243; img_size=&#8221;full&#8221; alignment=&#8221;center&#8221; image_hovers=&#8221;false&#8221; lazy_loading=&#8221;true&#8221; el_class=&#8221;img-masked&#8221;][\/vc_column][\/vc_row][vc_row full_width=&#8221;stretch_row_content_no_spaces&#8221; el_class=&#8221;row-margin flipped&#8221;][vc_column][vc_single_image image=&#8221;63&#8243; img_size=&#8221;full&#8221; image_hovers=&#8221;false&#8221;][\/vc_column][\/vc_row][\/vc_section][vc_section el_class=&#8221;home-section&#8221;][vc_row gap=&#8221;35&#8243; equal_height=&#8221;yes&#8221; content_placement=&#8221;middle&#8221; el_class=&#8221;home-section-row row-home-wellness row-flipped&#8221;][vc_column width=&#8221;1\/2&#8243; el_class=&#8221;col-txt bg-green-radial&#8221;][vc_custom_heading text=&#8221;Wellness&#8221; use_theme_fonts=&#8221;yes&#8221;][vc_column_text]Dac\u0103 dore\u0219ti s\u0103 te relaxezi \u0219i s\u0103 te re\u00eencarci, prin serviciile noastre de wellness po\u021bi fi sigur c\u0103 te vei odihni \u0219i vei porni pe traseele c\u0103l\u0103toriilor cu calul plin de energie nou\u0103.[\/vc_column_text]<style type=\"text\/css\" data-type=\"the7_shortcodes-inline-css\">#default-btn-170b098390b1a739872821c923576b69.ico-right-side > i {\n  margin-right: 0px;\n  margin-left: 8px;\n}\n#default-btn-170b098390b1a739872821c923576b69 > i {\n  margin-right: 8px;\n}\n<\/style><a href=\"https:\/\/astoriahorsecenter.ro\/ro\/wellness\/\" class=\"default-btn-shortcode dt-btn dt-btn-l link-hover-off btn-inline-left \" id=\"default-btn-170b098390b1a739872821c923576b69\" title=\"Wellness\"><span>Detalii<\/span><\/a>[\/vc_column][vc_column width=&#8221;1\/2&#8243; el_class=&#8221;col-img&#8221;][vc_single_image image=&#8221;57&#8243; img_size=&#8221;full&#8221; alignment=&#8221;center&#8221; image_hovers=&#8221;false&#8221; lazy_loading=&#8221;true&#8221; el_class=&#8221;img-masked&#8221;][\/vc_column][\/vc_row][\/vc_section]<\/p>\n<\/section>","protected":false},"excerpt":{"rendered":"<p>[vc_row full_width=&#8221;stretch_row_content_no_spaces&#8221; equal_height=&#8221;yes&#8221; content_placement=&#8221;middle&#8221; el_id=&#8221;homeTopRow&#8221;][vc_column width=&#8221;1\/2&#8243; el_class=&#8221;col-txt bg-green-radial&#8221;][vc_row_inner el_class=&#8221;row-narrow&#8221;][vc_column_inner][vc_single_image image=&#8221;9&#8243; img_size=&#8221;full&#8221; alignment=&#8221;center&#8221; el_class=&#8221;home-logo&#8221;][vc_custom_heading text=&#8221;Bun venit pe site-ul Astoria Horse Center&#8221; font_container=&#8221;tag:h1|text_align:center&#8221; use_theme_fonts=&#8221;yes&#8221;][vc_column_text] Dac\u0103 e\u0219ti c\u0103l\u0103re\u021b profesionist sau pur \u0219i simplu vrei s\u0103 \u00eencerci echita\u021bia, te afli \u00een locul potrivit! La hotelul nostru, po\u021bi petrece o s\u0103pt\u0103m\u00e2n\u0103 \u00eentreag\u0103, beneficiind de trei mese zilnice \u0219i cinci ore&hellip;<\/p>\n","protected":false},"author":1,"featured_media":0,"parent":0,"menu_order":0,"comment_status":"closed","ping_status":"closed","template":"","meta":{"footnotes":""},"yoast_head":"<!-- This site is optimized with the Yoast SEO plugin v20.10 - https:\/\/yoast.com\/wordpress\/plugins\/seo\/ -->\n<title>Astoria Horse Center - Baz\u0103 hipic\u0103, Pensiune, Wellness<\/title>\n<meta name=\"description\" content=\"Dac\u0103 e\u0219ti c\u0103l\u0103re\u021b profesionist sau pur \u0219i simplu vrei s\u0103 \u00eencerci echita\u021bia, te afli \u00een locul potrivit!\" \/>\n<meta name=\"robots\" content=\"index, follow, max-snippet:-1, max-image-preview:large, max-video-preview:-1\" \/>\n<link rel=\"canonical\" href=\"https:\/\/astoriahorsecenter.ro\/ro\/\" \/>\n<meta property=\"og:locale\" content=\"ro_RO\" \/>\n<meta property=\"og:type\" content=\"article\" \/>\n<meta property=\"og:title\" content=\"Astoria Horse Center - Baz\u0103 hipic\u0103, Pensiune, Wellness\" \/>\n<meta property=\"og:description\" content=\"Dac\u0103 e\u0219ti c\u0103l\u0103re\u021b profesionist sau pur \u0219i simplu vrei s\u0103 \u00eencerci echita\u021bia, te afli \u00een locul potrivit!\" \/>\n<meta property=\"og:url\" content=\"https:\/\/astoriahorsecenter.ro\/ro\/\" \/>\n<meta property=\"og:site_name\" content=\"Astoria Horse Center\" \/>\n<meta property=\"article:publisher\" content=\"https:\/\/www.facebook.com\/profile.php?id=100083317540249\" \/>\n<meta property=\"article:modified_time\" content=\"2023-10-04T05:37:13+00:00\" \/>\n<meta name=\"twitter:card\" content=\"summary_large_image\" \/>\n<meta name=\"twitter:label1\" content=\"Timp estimat pentru citire\" \/>\n\t<meta name=\"twitter:data1\" content=\"3 minute\" \/>\n<script type=\"application\/ld+json\" class=\"yoast-schema-graph\">{\"@context\":\"https:\/\/schema.org\",\"@graph\":[{\"@type\":\"WebPage\",\"@id\":\"https:\/\/astoriahorsecenter.ro\/ro\/\",\"url\":\"https:\/\/astoriahorsecenter.ro\/ro\/\",\"name\":\"Astoria Horse Center - Baz\u0103 hipic\u0103, Pensiune, Wellness\",\"isPartOf\":{\"@id\":\"https:\/\/astoriahorsecenter.ro\/#website\"},\"datePublished\":\"2023-06-05T08:31:43+00:00\",\"dateModified\":\"2023-10-04T05:37:13+00:00\",\"description\":\"Dac\u0103 e\u0219ti c\u0103l\u0103re\u021b profesionist sau pur \u0219i simplu vrei s\u0103 \u00eencerci echita\u021bia, te afli \u00een locul potrivit!\",\"breadcrumb\":{\"@id\":\"https:\/\/astoriahorsecenter.ro\/ro\/#breadcrumb\"},\"inLanguage\":\"ro-RO\",\"potentialAction\":[{\"@type\":\"ReadAction\",\"target\":[\"https:\/\/astoriahorsecenter.ro\/ro\/\"]}]},{\"@type\":\"BreadcrumbList\",\"@id\":\"https:\/\/astoriahorsecenter.ro\/ro\/#breadcrumb\",\"itemListElement\":[{\"@type\":\"ListItem\",\"position\":1,\"name\":\"Home\",\"item\":\"https:\/\/astoriahorsecenter.ro\/ro\/\"},{\"@type\":\"ListItem\",\"position\":2,\"name\":\"!F\u0151oldal RO\"}]},{\"@type\":\"WebSite\",\"@id\":\"https:\/\/astoriahorsecenter.ro\/#website\",\"url\":\"https:\/\/astoriahorsecenter.ro\/\",\"name\":\"Astoria Horse Center\",\"description\":\"Baz\u0103 hipic\u0103, Pensiune, Wellness\",\"publisher\":{\"@id\":\"https:\/\/astoriahorsecenter.ro\/#organization\"},\"potentialAction\":[{\"@type\":\"SearchAction\",\"target\":{\"@type\":\"EntryPoint\",\"urlTemplate\":\"https:\/\/astoriahorsecenter.ro\/?s={search_term_string}\"},\"query-input\":\"required name=search_term_string\"}],\"inLanguage\":\"ro-RO\"},{\"@type\":\"Organization\",\"@id\":\"https:\/\/astoriahorsecenter.ro\/#organization\",\"name\":\"Astoria Horse Center\",\"url\":\"https:\/\/astoriahorsecenter.ro\/\",\"logo\":{\"@type\":\"ImageObject\",\"inLanguage\":\"ro-RO\",\"@id\":\"https:\/\/astoriahorsecenter.ro\/#\/schema\/logo\/image\/\",\"url\":\"https:\/\/astoriahorsecenter.ro\/wp-content\/uploads\/2023\/06\/logo-w160.png\",\"contentUrl\":\"https:\/\/astoriahorsecenter.ro\/wp-content\/uploads\/2023\/06\/logo-w160.png\",\"width\":160,\"height\":145,\"caption\":\"Astoria Horse Center\"},\"image\":{\"@id\":\"https:\/\/astoriahorsecenter.ro\/#\/schema\/logo\/image\/\"},\"sameAs\":[\"https:\/\/www.facebook.com\/profile.php?id=100083317540249\"]}]}<\/script>\n<!-- \/ Yoast SEO plugin. -->","yoast_head_json":{"title":"Astoria Horse Center - Baz\u0103 hipic\u0103, Pensiune, Wellness","description":"Dac\u0103 e\u0219ti c\u0103l\u0103re\u021b profesionist sau pur \u0219i simplu vrei s\u0103 \u00eencerci echita\u021bia, te afli \u00een locul potrivit!","robots":{"index":"index","follow":"follow","max-snippet":"max-snippet:-1","max-image-preview":"max-image-preview:large","max-video-preview":"max-video-preview:-1"},"canonical":"https:\/\/astoriahorsecenter.ro\/ro\/","og_locale":"ro_RO","og_type":"article","og_title":"Astoria Horse Center - Baz\u0103 hipic\u0103, Pensiune, Wellness","og_description":"Dac\u0103 e\u0219ti c\u0103l\u0103re\u021b profesionist sau pur \u0219i simplu vrei s\u0103 \u00eencerci echita\u021bia, te afli \u00een locul potrivit!","og_url":"https:\/\/astoriahorsecenter.ro\/ro\/","og_site_name":"Astoria Horse Center","article_publisher":"https:\/\/www.facebook.com\/profile.php?id=100083317540249","article_modified_time":"2023-10-04T05:37:13+00:00","twitter_card":"summary_large_image","twitter_misc":{"Timp estimat pentru citire":"3 minute"},"schema":{"@context":"https:\/\/schema.org","@graph":[{"@type":"WebPage","@id":"https:\/\/astoriahorsecenter.ro\/ro\/","url":"https:\/\/astoriahorsecenter.ro\/ro\/","name":"Astoria Horse Center - Baz\u0103 hipic\u0103, Pensiune, Wellness","isPartOf":{"@id":"https:\/\/astoriahorsecenter.ro\/#website"},"datePublished":"2023-06-05T08:31:43+00:00","dateModified":"2023-10-04T05:37:13+00:00","description":"Dac\u0103 e\u0219ti c\u0103l\u0103re\u021b profesionist sau pur \u0219i simplu vrei s\u0103 \u00eencerci echita\u021bia, te afli \u00een locul potrivit!","breadcrumb":{"@id":"https:\/\/astoriahorsecenter.ro\/ro\/#breadcrumb"},"inLanguage":"ro-RO","potentialAction":[{"@type":"ReadAction","target":["https:\/\/astoriahorsecenter.ro\/ro\/"]}]},{"@type":"BreadcrumbList","@id":"https:\/\/astoriahorsecenter.ro\/ro\/#breadcrumb","itemListElement":[{"@type":"ListItem","position":1,"name":"Home","item":"https:\/\/astoriahorsecenter.ro\/ro\/"},{"@type":"ListItem","position":2,"name":"!F\u0151oldal RO"}]},{"@type":"WebSite","@id":"https:\/\/astoriahorsecenter.ro\/#website","url":"https:\/\/astoriahorsecenter.ro\/","name":"Astoria Horse Center","description":"Baz\u0103 hipic\u0103, Pensiune, Wellness","publisher":{"@id":"https:\/\/astoriahorsecenter.ro\/#organization"},"potentialAction":[{"@type":"SearchAction","target":{"@type":"EntryPoint","urlTemplate":"https:\/\/astoriahorsecenter.ro\/?s={search_term_string}"},"query-input":"required name=search_term_string"}],"inLanguage":"ro-RO"},{"@type":"Organization","@id":"https:\/\/astoriahorsecenter.ro\/#organization","name":"Astoria Horse Center","url":"https:\/\/astoriahorsecenter.ro\/","logo":{"@type":"ImageObject","inLanguage":"ro-RO","@id":"https:\/\/astoriahorsecenter.ro\/#\/schema\/logo\/image\/","url":"https:\/\/astoriahorsecenter.ro\/wp-content\/uploads\/2023\/06\/logo-w160.png","contentUrl":"https:\/\/astoriahorsecenter.ro\/wp-content\/uploads\/2023\/06\/logo-w160.png","width":160,"height":145,"caption":"Astoria Horse Center"},"image":{"@id":"https:\/\/astoriahorsecenter.ro\/#\/schema\/logo\/image\/"},"sameAs":["https:\/\/www.facebook.com\/profile.php?id=100083317540249"]}]}},"_links":{"self":[{"href":"https:\/\/astoriahorsecenter.ro\/ro\/wp-json\/wp\/v2\/pages\/331"}],"collection":[{"href":"https:\/\/astoriahorsecenter.ro\/ro\/wp-json\/wp\/v2\/pages"}],"about":[{"href":"https:\/\/astoriahorsecenter.ro\/ro\/wp-json\/wp\/v2\/types\/page"}],"author":[{"embeddable":true,"href":"https:\/\/astoriahorsecenter.ro\/ro\/wp-json\/wp\/v2\/users\/1"}],"replies":[{"embeddable":true,"href":"https:\/\/astoriahorsecenter.ro\/ro\/wp-json\/wp\/v2\/comments?post=331"}],"version-history":[{"count":7,"href":"https:\/\/astoriahorsecenter.ro\/ro\/wp-json\/wp\/v2\/pages\/331\/revisions"}],"predecessor-version":[{"id":811,"href":"https:\/\/astoriahorsecenter.ro\/ro\/wp-json\/wp\/v2\/pages\/331\/revisions\/811"}],"wp:attachment":[{"href":"https:\/\/astoriahorsecenter.ro\/ro\/wp-json\/wp\/v2\/media?parent=331"}],"curies":[{"name":"wp","href":"https:\/\/api.w.org\/{rel}","templated":true}]}}